{"id":172,"date":"2025-06-09T20:19:49","date_gmt":"2025-06-09T20:19:49","guid":{"rendered":"https:\/\/pachecoterraplanagem.com\/servicos\/"},"modified":"2025-06-13T17:01:43","modified_gmt":"2025-06-13T20:01:43","slug":"servicos","status":"publish","type":"page","link":"https:\/\/pachecoterraplanagem.com\/?page_id=172","title":{"rendered":"Servi\u00e7os"},"content":{"rendered":"\t\t<div data-elementor-type=\"wp-page\" data-elementor-id=\"172\" class=\"elementor elementor-172\">\n\t\t\t\t<div class=\"elementor-element elementor-element-6bt6bkp3 twbb_section e-con-full e-flex e-con e-parent\" data-id=\"6bt6bkp3\" data-element_type=\"container\" id=\"servicos-de-terraplanagem\">\n\t\t<div class=\"elementor-element elementor-element-e3gfpucp e-con-full e-flex e-con e-child\" data-id=\"e3gfpucp\" data-element_type=\"container\">\n\t\t\t\t<div class=\"elementor-element elementor-element-zo3w6g97 elementor-widget__width-initial elementor-widget-mobile__width-inherit elementor-widget-tablet__width-initial twbb-headline--style-rotate elementor-widget elementor-widget-twbbanimated-headline\" data-id=\"zo3w6g97\" data-element_type=\"widget\" data-settings=\"{&quot;headline_style&quot;:&quot;rotate&quot;,&quot;rotating_text&quot;:&quot;Terraplanagem&quot;,&quot;animation_type&quot;:&quot;drop-in&quot;}\" data-widget_type=\"twbbanimated-headline.default\">\n\t\t\t\t<div class=\"elementor-widget-container\">\n\t\t\t\t\t    <h2 class=\"twbb-headline twbb-headline-animation-type-drop-in\">\n          <span class=\"twbb-headline-plain-text twbb-headline-text-wrapper\">Explore Nossos Abrangentes Servi\u00e7os de<\/span>\n        <span class=\"twbb-headline-dynamic-wrapper twbb-headline-text-wrapper\"><\/span>\n          <span class=\"twbb-headline-plain-text twbb-headline-text-wrapper\"> <\/span>\n        <\/h2>\n    \t\t\t\t<\/div>\n\t\t\t\t<\/div>\n\t\t\t\t<div class=\"elementor-element elementor-element-qgtctznv elementor-widget__width-initial elementor-widget-mobile__width-inherit elementor-widget-tablet__width-initial elementor-invisible elementor-widget elementor-widget-text-editor\" data-id=\"qgtctznv\" data-element_type=\"widget\" data-settings=\"{&quot;_animation&quot;:&quot;fadeInUp&quot;}\" data-widget_type=\"text-editor.default\">\n\t\t\t\t<div class=\"elementor-widget-container\">\n\t\t\t\t\t\t\t\t\t<p>Na Terraplanagem Pacheco, oferecemos uma ampla gama de servi\u00e7os de nivelamento de terras para atender \u00e0s necessidades espec\u00edficas do seu projeto. Desde a prepara\u00e7\u00e3o do terreno at\u00e9 a engenharia de precis\u00e3o, nossa equipe experiente e equipamentos modernos garantem resultados eficientes e de alta qualidade. Estamos comprometidos em oferecer solu\u00e7\u00f5es personalizadas que otimizam seu canteiro de obras e contribuem para o sucesso do seu projeto.<\/p>\t\t\t\t\t\t\t\t<\/div>\n\t\t\t\t<\/div>\n\t\t\t\t<\/div>\n\t\t<div class=\"elementor-element elementor-element-9c6oa4a7 e-con-full e-flex e-con e-child\" data-id=\"9c6oa4a7\" data-element_type=\"container\">\n\t\t\t\t<div class=\"elementor-element elementor-element-d2j14cq9 elementor-widget__width-initial elementor-widget-mobile__width-inherit elementor-widget-tablet__width-initial twbb_cta-button-wrapper-left twbb_cta-valign-align-space_between twbb_cta-position-image-top twbb_cta-button-wrapper-center twbb_cta-tablet-position-image-top twbb_cta-mobile-position-image-top twbb_cta-button-wrapper-center twbb_cta-position-button-bottom twbb_cta-tablet-position-button-bottom twbb_cta-mobile-position-button-bottom elementor-invisible elementor-widget elementor-widget-twbb_call-to-action\" data-id=\"d2j14cq9\" data-element_type=\"widget\" data-settings=\"{&quot;_animation&quot;:&quot;fadeInUp&quot;}\" data-widget_type=\"twbb_call-to-action.default\">\n\t\t\t\t<div class=\"elementor-widget-container\">\n\t\t\t\t\t    <div  class=\"twbb_cta-wrapper \">\n                  <div class=\"twbb_cta-image-background-wrapper\">\n          <span class=\"twbb_cta-image-background-overlay\"><\/span>\n                            <div class=\"twbb_cta-image-html-tag\">\n                                            <img decoding=\"async\" src=\"https:\/\/pachecoterraplanagem.com\/wp-content\/uploads\/2025\/06\/IMG-20250612-WA0073-Copia-scaled.jpg\"  >\n                                    <\/div>\n                    <\/div>\n        <div class=\"twbb_cta-content-wrapper \">\n    <div class=\"twbb_cta-content-inner\">\n                <h4 class=\"twbb_cta-title\">Demoli\u00e7\u00e3o<\/h4>\n                    <div class=\"twbb_cta-description\">Nossos servi\u00e7os de demoli\u00e7\u00e3o, que utilizam um rompedor especializado, garantem a remo\u00e7\u00e3o controlada e eficaz de estruturas. Com a aplica\u00e7\u00e3o de t\u00e9cnicas modernas, nossa equipe prioriza a seguran\u00e7a e a efici\u00eancia, garantindo que cada projeto seja realizado com o mais alto padr\u00e3o de qualidade e cuidado. Confie na nossa experi\u00eancia para transformar seu espa\u00e7o com seguran\u00e7a e efici\u00eancia.<\/div>\n              <\/div>\n    <div class=\"twbb_cta-button-wrapper\">\n        <div class=\"twbb_cta-buttons\">\n                        <\/div>\n    <\/div>\n  <\/div>\n        <\/div>\n\t\t\t\t<\/div>\n\t\t\t\t<\/div>\n\t\t\t\t<div class=\"elementor-element elementor-element-262f922 elementor-widget__width-initial elementor-widget-mobile__width-inherit elementor-widget-tablet__width-initial twbb_cta-button-wrapper-left twbb_cta-valign-align-space_between twbb_cta-position-image-top twbb_cta-button-wrapper-center twbb_cta-tablet-position-image-top twbb_cta-mobile-position-image-top twbb_cta-button-wrapper-center twbb_cta-position-button-bottom twbb_cta-tablet-position-button-bottom twbb_cta-mobile-position-button-bottom elementor-invisible elementor-widget elementor-widget-twbb_call-to-action\" data-id=\"262f922\" data-element_type=\"widget\" data-settings=\"{&quot;_animation&quot;:&quot;fadeInUp&quot;}\" data-widget_type=\"twbb_call-to-action.default\">\n\t\t\t\t<div class=\"elementor-widget-container\">\n\t\t\t\t\t    <div  class=\"twbb_cta-wrapper \">\n                  <div class=\"twbb_cta-image-background-wrapper\">\n          <span class=\"twbb_cta-image-background-overlay\"><\/span>\n                            <div class=\"twbb_cta-image-html-tag\">\n                                            <img decoding=\"async\" src=\"https:\/\/pachecoterraplanagem.com\/wp-content\/uploads\/2025\/06\/IMG-20250612-WA0084-Copia-scaled.jpg\"  >\n                                    <\/div>\n                    <\/div>\n        <div class=\"twbb_cta-content-wrapper \">\n    <div class=\"twbb_cta-content-inner\">\n                <h4 class=\"twbb_cta-title\">Locomo\u00e7\u00e3o de maquinas<\/h4>\n                    <div class=\"twbb_cta-description\">Nossos servi\u00e7os de carregamento de m\u00e1quinas pesadas abrangem uma variedade de equipamentos, incluindo escavadeiras e carregadeiras. Seguimos rigorosos padr\u00f5es de seguran\u00e7a e realizamos manuten\u00e7\u00f5es regulares em nossos equipamentos para garantir que estejam sempre prontos para uso.<\/div>\n              <\/div>\n    <div class=\"twbb_cta-button-wrapper\">\n        <div class=\"twbb_cta-buttons\">\n                        <\/div>\n    <\/div>\n  <\/div>\n        <\/div>\n\t\t\t\t<\/div>\n\t\t\t\t<\/div>\n\t\t\t\t<div class=\"elementor-element elementor-element-7qodiv19 elementor-widget__width-initial elementor-widget-mobile__width-inherit elementor-widget-tablet__width-initial twbb_cta-button-wrapper-left twbb_cta-position-image-top twbb_cta-button-wrapper-center twbb_cta-tablet-position-image-top twbb_cta-mobile-position-image-top twbb_cta-button-wrapper-center twbb_cta-position-button-bottom twbb_cta-tablet-position-button-bottom twbb_cta-mobile-position-button-bottom elementor-invisible elementor-widget elementor-widget-twbb_call-to-action\" data-id=\"7qodiv19\" data-element_type=\"widget\" data-settings=\"{&quot;_animation&quot;:&quot;fadeInUp&quot;}\" data-widget_type=\"twbb_call-to-action.default\">\n\t\t\t\t<div class=\"elementor-widget-container\">\n\t\t\t\t\t    <div  class=\"twbb_cta-wrapper \">\n                  <div class=\"twbb_cta-image-background-wrapper\">\n          <span class=\"twbb_cta-image-background-overlay\"><\/span>\n                            <div class=\"twbb_cta-image-html-tag\">\n                                            <img decoding=\"async\" src=\"https:\/\/pachecoterraplanagem.com\/wp-content\/uploads\/2025\/06\/IMG-20250612-WA0090-Copia-scaled.jpg\"  >\n                                    <\/div>\n                    <\/div>\n        <div class=\"twbb_cta-content-wrapper \">\n    <div class=\"twbb_cta-content-inner\">\n                <h4 class=\"twbb_cta-title\">Prepara\u00e7\u00e3o de Terreno<\/h4>\n                    <div class=\"twbb_cta-description\">Nossos servi\u00e7os de prepara\u00e7\u00e3o de terreno incluem a limpeza da vegeta\u00e7\u00e3o, remo\u00e7\u00e3o de entulho e nivelamento do solo para criar uma base s\u00f3lida para o seu projeto de constru\u00e7\u00e3o. Garantimos um in\u00edcio suave e eficiente.<\/div>\n              <\/div>\n    <div class=\"twbb_cta-button-wrapper\">\n        <div class=\"twbb_cta-buttons\">\n                        <\/div>\n    <\/div>\n  <\/div>\n        <\/div>\n\t\t\t\t<\/div>\n\t\t\t\t<\/div>\n\t\t\t\t<div class=\"elementor-element elementor-element-m4b62y7x elementor-widget__width-initial elementor-widget-mobile__width-inherit elementor-widget-tablet__width-initial twbb_cta-button-wrapper-left twbb_cta-valign-align-space_between twbb_cta-position-image-top twbb_cta-button-wrapper-center twbb_cta-tablet-position-image-top twbb_cta-mobile-position-image-top twbb_cta-button-wrapper-center twbb_cta-position-button-bottom twbb_cta-tablet-position-button-bottom twbb_cta-mobile-position-button-bottom elementor-invisible elementor-widget elementor-widget-twbb_call-to-action\" data-id=\"m4b62y7x\" data-element_type=\"widget\" data-settings=\"{&quot;_animation&quot;:&quot;fadeInUp&quot;}\" data-widget_type=\"twbb_call-to-action.default\">\n\t\t\t\t<div class=\"elementor-widget-container\">\n\t\t\t\t\t    <div  class=\"twbb_cta-wrapper \">\n                  <div class=\"twbb_cta-image-background-wrapper\">\n          <span class=\"twbb_cta-image-background-overlay\"><\/span>\n                            <div class=\"twbb_cta-image-html-tag\">\n                                            <img decoding=\"async\" src=\"https:\/\/pachecoterraplanagem.com\/wp-content\/uploads\/2025\/06\/Imagem-do-WhatsApp-de-2025-06-13-as-15.06.55_2f55be5f.jpg\"  >\n                                    <\/div>\n                    <\/div>\n        <div class=\"twbb_cta-content-wrapper \">\n    <div class=\"twbb_cta-content-inner\">\n                <h4 class=\"twbb_cta-title\">Loca\u00e7\u00e3o de M\u00e1quinas<\/h4>\n                    <div class=\"twbb_cta-description\">Oferecemos uma ampla gama de m\u00e1quinas pesadas para loca\u00e7\u00e3o em projetos de constru\u00e7\u00e3o. Nossa frota inclui escavadeiras, tratores, compactadores e outros equipamentos especializados que garantem qualidade, desempenho e confiabilidade. Com pre\u00e7os competitivos e suporte ao cliente de excel\u00eancia, garantimos que nossas m\u00e1quinas atendam \u00e0s exig\u00eancias do seu projeto. Todas as m\u00e1quinas est\u00e3o dispon\u00edveis para opera\u00e7\u00e3o eficiente e s\u00e3o regularmente mantidas. Adaptamos nossas op\u00e7\u00f5es para diferentes tipos de obras, sempre priorizando a seguran\u00e7a.<\/div>\n              <\/div>\n    <div class=\"twbb_cta-button-wrapper\">\n        <div class=\"twbb_cta-buttons\">\n                        <\/div>\n    <\/div>\n  <\/div>\n        <\/div>\n\t\t\t\t<\/div>\n\t\t\t\t<\/div>\n\t\t\t\t<\/div>\n\t\t\t\t<\/div>\n\t\t\t\t<\/div>\n\t\t","protected":false},"excerpt":{"rendered":"<p>Explore Nossos Abrangentes Servi\u00e7os de Na Terraplanagem Pacheco, oferecemos uma ampla gama de servi\u00e7os de nivelamento de terras para atender \u00e0s necessidades espec\u00edficas do seu projeto. Desde a prepara\u00e7\u00e3o do terreno at\u00e9 a engenharia de precis\u00e3o, nossa equipe experiente e equipamentos modernos garantem resultados eficientes e de alta qualidade. Estamos comprometidos em oferecer solu\u00e7\u00f5es personalizadas [&hellip;]<\/p>\n","protected":false},"author":0,"featured_media":0,"parent":0,"menu_order":0,"comment_status":"closed","ping_status":"publish","template":"","meta":{"two_page_speed":[],"footnotes":""},"class_list":["post-172","page","type-page","status-publish","hentry"],"_links":{"self":[{"href":"https:\/\/pachecoterraplanagem.com\/index.php?rest_route=\/wp\/v2\/pages\/172","targetHints":{"allow":["GET"]}}],"collection":[{"href":"https:\/\/pachecoterraplanagem.com\/index.php?rest_route=\/wp\/v2\/pages"}],"about":[{"href":"https:\/\/pachecoterraplanagem.com\/index.php?rest_route=\/wp\/v2\/types\/page"}],"replies":[{"embeddable":true,"href":"https:\/\/pachecoterraplanagem.com\/index.php?rest_route=%2Fwp%2Fv2%2Fcomments&post=172"}],"version-history":[{"count":0,"href":"https:\/\/pachecoterraplanagem.com\/index.php?rest_route=\/wp\/v2\/pages\/172\/revisions"}],"wp:attachment":[{"href":"https:\/\/pachecoterraplanagem.com\/index.php?rest_route=%2Fwp%2Fv2%2Fmedia&parent=172"}],"curies":[{"name":"wp","href":"https:\/\/api.w.org\/{rel}","templated":true}]}}